{"id":17,"date":"2013-12-07T14:46:36","date_gmt":"2013-12-07T12:46:36","guid":{"rendered":"http:\/\/dawhh.org\/?page_id=17"},"modified":"2020-03-27T20:05:04","modified_gmt":"2020-03-27T18:05:04","slug":"aktuelles","status":"publish","type":"page","link":"https:\/\/dawhh.org\/?page_id=17","title":{"rendered":"Aktuelles"},"content":{"rendered":"<h5><strong>Aktuell: Wohnprojekt F\u00e4hrstra\u00dfe 115 von Abriss bedroht. Aufruf zur Solidarit\u00e4t!<\/strong><\/h5>\n<div class=\"theme-text-variant-5 petition-description\" dir=\"ltr\" lang=\"de\">\n<p class=\"paragraph\">Die Stadt Hamburg m\u00f6chte das Wohnprojekt F\u00e4hrstra\u00dfe 115 kaufen und Anfang 2023 abrei\u00dfen. F\u00fcr die Stadt handelt es sich um einen formalen Akt &#8222;zum Zwecke des Hochwasserschutzes&#8220; gem\u00e4\u00df \u00a755b HWaG. Doch im Detail ist ihre Argumentation strittig: ein Abriss ist vermeidbar, unsozial und kostet Hamburg unn\u00f6tig viel Geld.<\/p>\n<p class=\"paragraph\">Anfang M\u00e4rz informierte die LIG die Bewohner*innen dar\u00fcber, dass er beabsichtigt, vom st\u00e4dtischen Vorkaufsrecht Gebrauch zu machen. Zu diesem Zeitpunkt waren diese im Begriff, das Wohnhaus gemeinsam mit dem Mieth\u00e4usersyndikat zu kaufen. Trotz der Corona-Krise soll bereits Anfang April 2020 \u00fcber die Zukunft des 100 Jahre alten Geb\u00e4udes und die Abrisspl\u00e4ne entschieden werden.<\/p>\n<p class=\"paragraph\">Der DAW unterst\u00fctzt die Forderungen des Wohnprojekts F\u00e4hrstra\u00dfe 115 und ruft zur Solidarit\u00e4t auf. Wir fordern von der Stadt Hamburg und den zust\u00e4ndigen Beh\u00f6rden:<\/p>\n<ul class=\"paragraph\">\n<li>\n<p class=\"paragraph\">Die \u00dcberpr\u00fcfung von alternativen Bauweisen zum Hochwasserschutz (Sonderausf\u00fchrungen) , die mit dem Erhalt unseres Geb\u00e4udes vereinbar sind (z.B. Spundwand oder Hochwasserschutzwand)<\/p>\n<\/li>\n<li>\n<p class=\"paragraph\">Die \u00dcberpr\u00fcfung des vermeintlichen Vorkaufrechts der Stadt Hamburg<\/p>\n<\/li>\n<li>\n<p class=\"paragraph\">Die Erm\u00f6glichung des Kaufes seitens der Bewohner*innen<\/p>\n<\/li>\n<li>\n<p class=\"paragraph\">Die Erhaltung dieses sozialen und bezahlbaren Wohnraums<\/p>\n<\/li>\n<li>\n<p class=\"paragraph\">Transparenz bei allen weiteren Schritten der Stadt und die Offenlegung ihrer Planungen<\/p>\n<\/li>\n<\/ul>\n<p class=\"paragraph\"><strong>Aktuelle Infos unter <\/strong><a class=\"theme-link-variant-1\" href=\"https:\/\/115bleibt.blackblogs.org\" target=\"_blank\" rel=\"nofollow external noopener noreferrer\"><strong>115bleibt.blackblogs.org<\/strong><\/a><\/p>\n<\/div>\n<h5>Aufruf zum Mietenmove &#8211; Demo f\u00fcr solidarische und soziale Wohnraumpolitik am 2. Juni 2018<\/h5>\n<p>Es ist unsere Stadt! Und es muss etwas passieren! Wir lassen nicht zu, dass die rot-gr\u00fcne Regierung und Immobilienunternehmen Hamburg zur exquisiten Zone f\u00fcr Besserverdienende machen! Wir wollen Druck machen f\u00fcr eine andere Politik!<\/p>\n<p>Wir wollen ein Zeichen setzen f\u00fcr eine Wohnungspolitik, die endlich aufh\u00f6rt, sich an den Gewinninteressen der Immobilienwirtschaft zu orientieren.<\/p>\n<p>Wir wollen eine Wohnungspolitik, die die M\u00f6glichkeiten, auf Kosten der Bewohner*- innen dieser Stadt mit Immobilien Gesch\u00e4fte zu machen, drastisch einschr\u00e4nkt.<\/p>\n<p><strong>Infos: <a href=\"https:\/\/www.facebook.com\/events\/217989232306193\/\">Facebook<\/a> | <\/strong><a href=\"https:\/\/twitter.com\/hashtag\/mietenmove?f=tweets&amp;vertical=default\"><strong>Twitter<\/strong><\/a><\/p>\n<h5>Gegen Abschiebungen: Emp\u00f6rt euch \u2013 Beschwert euch \u2013 Wehrt euch!<\/h5>\n<p>Mitte Dezember 2016 fand die erste Sammelabschiebung nach Afghanistan statt, an der sich auch das rot-gr\u00fcn regierte Hamburg beteiligte. Das B\u00fcndnis Recht auf Stadt &#8211; Never mind the papers ruft zum Widerstand gegen\u00a0diese menschenverachtene Praxis auf. Auch der DAW unterst\u00fctzt den Aufruf. <a href=\"https:\/\/nevermindthepapers.noblogs.org\/post\/2016\/12\/18\/emport-euch-beschwert-euch-wehrt-euch-ein-aufruf-zum-widerstand-gegen-abschiebungen\/\"><strong>Hier lesen<\/strong><\/a>.<\/p>\n<h5>Veranstaltung &#8222;Statt Geld Statt&#8220; zu urbanen M\u00f6glichkeitsr\u00e4umen und ihrer langfristigen Sicherung<\/h5>\n<p>Auf einer Podiumsdiskussion zum 7-j\u00e4hrigen Geburtstag des G\u00e4ngeviertels diskutierten Vertreter*innen verschiedener Projekte und Initiativen,\u00a0welche Erfahrungen in Hamburg bisher mit der Sicherung, aber auch der Zerst\u00f6rung von alternativen Frei- und M\u00f6glichkeitsr\u00e4umen gemacht worden sind und welche Wege f\u00fcr die Zukunft gangbar sind, um diese R\u00e4ume dauerhaft dem Markt zu entziehen.\u00a0Mit dabei ein Vertreter des DAW. Ein Video der Diskussion gibt es bei YouTube: <a href=\"https:\/\/www.youtube.com\/watch?v=iwCMsQszTCg\"><strong>Hier anschauen<\/strong><\/a>.<\/p>\n<h5><strong>Mieten und Wohnen Konferenz 2015<\/strong><\/h5>\n<p>Das neue Netzwerk Wohnen &amp; Mietern l\u00e4dt am 25.\/26. September alle Interessierten zu einer Arbeitskonferenz nach Hamburg ein. Der DAW unterst\u00fctzt die Konferenz und freut sich auf spannende Diskussionen \u00fcber grunds\u00e4tzliche Alternativen in der Mieten- und Wohnpolitik.<\/p>\n<h5><strong>Demo: Recht auf Stadt | Never mind the papers<\/strong><\/h5>\n<p><em>31. Januar 2015, 13-18 Uhr, Treffpunkt: Landungsbr\u00fccken<br \/>\n<\/em>Im Februar wird in Hamburg gew\u00e4hlt. Zur Wahl stellt sich ein selbstzufriedener Senat, der glaubt, alles richtig gemacht zu haben. Wir erheben unsere Stimmen und widersprechen. Wir klagen das Handeln des SPD Senats gegen\u00fcber Migrant*innen an. Wir erheben unsere Stimmen und legen unsere Finger in diese Wunde der Hamburger Politik. <a title=\"Demo never mind the papers\" href=\"http:\/\/nevermindthepapers.noblogs.org\/call\/\">https:\/\/nevermindthepapers.noblogs.org\/call\/<\/a><\/p>\n<h5><strong>Demo: Stadtteil-Ausverkauf &#8211; Alles muss raus! Nicht mit uns!<\/strong><\/h5>\n<p><em>17. Januar 2015, 14 Uhr<strong>, <\/strong>Treffpunkt: Millerntorplatz<\/em><br \/>\nDemonstration f\u00fcr bezahlbere Mieten und eine soziale Stadtentwicklung von unten. Ob St. Pauli, Schanze, Altona oder Langenhorn &#8211; \u00fcberall bietet sich das gleiche Bild: Stadtentwicklung ohne jegliche Sensibilit\u00e4t, verbunden mit der Verdr\u00e4ngung sozial schw\u00e4cherer Bev\u00f6lkerungsgruppen zugunsten einer konsum-orientierten &#8222;Aufwertung&#8220;.<br \/>\nDer Hamburger Senat baut gegen seine B\u00fcrger und zerst\u00f6rt die Lebensqualit\u00e4t der Stadtteile. Mit ihrer absoluten Mehrheit setzt sich die SPD \u00fcber den Willen der Menschen und auch der Bezirksparlamente hinweg und schafft bauliche Fakten.<\/p>\n<div style=\"color: #000000;\"><\/div>\n<h5 style=\"color: #000000;\"><strong>Der Film zum Kampf um die Esso-H\u00e4user: buy buy st. pauli<\/strong><\/h5>\n<div style=\"color: #000000;\">Filmpremiere: Sonntag, 2.11.2014, ab 17 Uhr im Ballsaal (S\u00fcdtrib\u00fcne) des FC St. Pauli. Infos: <a title=\"Essoh\u00e4user\" href=\"http:\/\/www.buybuy-stpauli.de\">www.buybuy-stpauli.de<\/a><\/div>\n<div style=\"color: #000000;\">\n<div style=\"color: #000000;\"><\/div>\n<div style=\"color: #000000;\"><\/div>\n<h5 style=\"color: #000000;\"><strong>&#8222;the perfect radio&#8220; im Freien Sender Kombinat (FSK)<\/strong><\/h5>\n<div style=\"color: #000000;\">Wir sind interviewt worden zum DAW, zum Wohnen in einem Wohnprojekt, zur Verantwortungs(losig)keit der Stadt. Au\u00dferdem: Borribles bleibt, Kleinanlegerschutzgesetz killt Direktkreditbed\u00fcrftige. H\u00f6ren:\u00a0 <a title=\"Perfect Radio\" href=\"http:\/\/www.fsk-hh.org\/transmitter\/the_perfect_radio\/75818\">http:\/\/www.fsk-hh.org\/transmitter\/the_perfect_radio\/75818<\/a><\/div>\n<div style=\"color: #000000;\"><\/div>\n<div style=\"color: #000000;\"><\/div>\n<h5 style=\"color: #000000;\"><strong>Schanzenfest unter dem Motto Refugees Welcome\u00a0<\/strong><\/h5>\n<p style=\"color: #000000;\">Sonntag, 28. September 2014. Rund um die Schanzenstra\u00dfe gibt es Infost\u00e4nde von Anwohner_innen und politischen Organisationen, Musikb\u00fchnen und einen nichtkommerziellen Flohmarkt.<\/p>\n<div style=\"color: #000000;\"><\/div>\n<div style=\"color: #000000;\"><\/div>\n<h5 style=\"color: #000000;\"><strong>Wohnprojektetage in Hamburg, 26.-27.9.14, 13-18 Uhr, Von-Melle-Park 9<\/strong><\/h5>\n<div style=\"color: #000000;\">Wir haben einen Stand beim Markt der M\u00f6glichkeiten. Einfach nach dem Banner &#8222;Alle bleiben&#8220; Ausschau halten.<br \/>\n<a title=\"Wohnprojektetage Hamburg\" href=\"http:\/\/www.stattbau-hamburg.de\/index.php\/events-leser\/wohnprojektetage.html\">http:\/\/www.stattbau-hamburg.de\/index.php\/events-leser\/wohnprojektetage.html<\/a><\/div>\n<h5><strong>Entt\u00e4uschend: Wohnungspolitik f\u00fcr benachteiligter Menschen und Baugemeinschaften in Hamburg<\/strong><\/h5>\n<p>MHM hat mit Stattbau-Gesch\u00e4ftsf\u00fchrer Tobias Behrens gesprochen.<br \/>\n<a title=\"Mietraum September 2014\" href=\"http:\/\/www.mhmhamburg.de\/files\/eightytwenty\/Download-Mietraum_Archiv\/mietraum_02_2014.pdf\">https:\/\/www.mhmhamburg.de\/files\/eightytwenty\/Download- Mietraum_Archiv\/mietraum_02_2014.pdf<\/a><\/p>\n<div style=\"color: #000000;\"><\/div>\n<h5 style=\"color: #000000;\"><b>Filigran? Das schauen wir uns an!<\/b><\/h5>\n<div style=\"color: #000000;\">Obwohl \u00fcber die Musical-Seilbahn im Bezirk Mitte noch abgestimmt wird, steht ein Pylon schon \u2013 zum Gl\u00fcck nur im Stadtmodell der BSU.<\/div>\n<div style=\"color: #000000;\">Am\u00a0<b>Donnerstag, den 14.08.2014\u00a0<\/b>werden wir ihn besuchen, um mal nachzuschauen, ob er sich wirklich so harmonisch und filigran in\u2019s Stadtbild einf\u00fcgt wie von den Bef\u00fcrworter*innen des Gondel-Projekts behauptet wird.<\/div>\n<div style=\"color: #000000;\">Zudem werden wir das Modell um eine Ansicht des S\u00fcdpylonen erweitern, der mit 129 Metern noch einmal um mehr als ein Drittel h\u00f6her ist als der im Alten Elbpark \u2013 und von dem bisher niemand spricht! F\u00fcr R\u00fcckfragen: <a href=\"mailto:web@keine-Seilbahn.de\">web@keine-Seilbahn.de<\/a><\/div>\n<h5>Wir werden noch tanzen&#8230; <strong>Der DAW feiert seine Gr\u00fcndung:\u00a0<a href=\"https:\/\/dawhh.org\/wp-content\/uploads\/2014\/04\/Flyer_Party_DAW_26.4.14.pdf\"><strong>Samstag, 26.4.14 ab 15.09 Uhr<\/strong><\/a> im G\u00e4ngeviertel!<\/strong><\/h5>\n<p><strong>\u00a0Es gibt: Bands, DJs, leckeres Essen aus der VoK\u00fc, Filme&#8230;<\/strong><\/p>\n<p><strong>Samstag,<\/strong> <strong>12.4.14: Die lange Nacht der Solidarit\u00e4t<\/strong><br \/>\n&#8230;ist ein dezentrales Spaziergangs-Festival in den Stadtteilen Altona, Sternschanze und St. Pauli in Hamburg. In dieser Nacht stellen die Akteure das breite Programm unter ein gemeinsames Motto, um Spenden zu sammeln und einen Schulterschluss gegen jegliche Unterdr\u00fcckung zu demonstrieren.<br \/>\n<a title=\"Lange Nacht der Solidarit\u00e4t\" href=\"http:\/\/die-lange-nacht-der-solidaritaet.org\/\">http:\/\/die-lange-nacht-der-solidaritaet.org\/<\/a><\/p>\n<h5><strong>Vorbereitung und Mobilisierung beginnt f\u00fcr die <a title=\"Squattingdays2014\" href=\"https:\/\/squattingdays.noblogs.org\">Squatting Days<\/a> 2014 in Hamburg.<\/strong><\/h5>\n<p><a href=\"https:\/\/dawhh.org\/wp-content\/uploads\/2013\/12\/Banner_BK_HGN_10001.gif\"><img loading=\"lazy\" decoding=\"async\" class=\"alignnone size-medium wp-image-137\" src=\"https:\/\/dawhh.org\/wp-content\/uploads\/2013\/12\/Banner_BK_HGN_10001-300x86.gif\" alt=\"Banner_BK_HGN_10001\" width=\"300\" height=\"86\" \/><\/a><\/p>\n<p><strong>Aus dem Recht auf Stadt B\u00fcndnis kommt folgende, treffende Stellungnahme zu den Vorf\u00e4llen vom Samstag, 21.12.13<\/strong><br \/>\n<a title=\"RaS\" href=\"http:\/\/rechtaufstadt.net\/recht-auf-stadt\/gegen-die-putinisierung-der-hamburger-politik\">Gegen die Putinisierung der Hamburger Politik<\/a><\/p>\n<h5><b>Kommt alle zur Demo am 21.12.13, 14 Uhr, Treffpunkt Rote Flora!<\/b><\/h5>\n<p>Demonstriert mit uns f\u00fcr das Recht auf Stadt und Bleiberecht f\u00fcr Fl\u00fcchtlinge. Wir sind dort auch, um f\u00fcr den Erhalt autonomer Wohnprojekte einzutreten. Infos: <a title=\"Netzwerk\" href=\"http:\/\/florableibt.blogsport.de\/\">http:\/\/florableibt.blogsport.de<\/a> &amp; <a href=\"http:\/\/mietenwahnsinn.rechtaufstadt.net\/aktuell\/aufruf-recht-auf-stadt-kennt-keine-grenzen\">http:\/\/mietenwahnsinn.rechtaufstadt.net\/aktuell\/aufruf-recht-auf-stadt-kennt-keine-grenzen<\/a><\/p>\n<h5><strong>mietraum<\/strong><\/h5>\n<p>Einen Artikel \u00fcber uns findet Ihr auch in der Mitgliederzeitschrift von &#8222;Mieter helfen Mietern&#8220;: <a href=\"https:\/\/mhmhamburg.de\/files\/eightytwenty\/Download-Mietraum_Archiv\/mietraum_04_2013.pdf\">https:\/\/mhmhamburg.de\/files\/eightytwenty\/Download-Mietraum_Archiv\/mietraum_04_2013.pdf<\/a> (S.18)<\/p>\n<\/div>\n","protected":false},"excerpt":{"rendered":"<p>Aktuell: Wohnprojekt F\u00e4hrstra\u00dfe 115 von Abriss bedroht. Aufruf zur Solidarit\u00e4t! Die Stadt Hamburg m\u00f6chte das Wohnprojekt F\u00e4hrstra\u00dfe 115 kaufen und Anfang 2023 abrei\u00dfen. F\u00fcr die Stadt handelt es sich um einen formalen Akt &#8222;zum Zwecke des Hochwasserschutzes&#8220; gem\u00e4\u00df \u00a755b HWaG. Doch im Detail ist ihre Argumentation strittig: ein Abriss ist vermeidbar, unsozial und kostet Hamburg &hellip; <a href=\"https:\/\/dawhh.org\/?page_id=17\" class=\"more-link\"><span class=\"screen-reader-text\">Aktuelles<\/span> weiterlesen <span class=\"meta-nav\">&rarr;<\/span><\/a><\/p>\n","protected":false},"author":4,"featured_media":0,"parent":0,"menu_order":2,"comment_status":"closed","ping_status":"closed","template":"","meta":{"footnotes":""},"class_list":["post-17","page","type-page","status-publish","hentry"],"_links":{"self":[{"href":"https:\/\/dawhh.org\/index.php?rest_route=\/wp\/v2\/pages\/17","targetHints":{"allow":["GET"]}}],"collection":[{"href":"https:\/\/dawhh.org\/index.php?rest_route=\/wp\/v2\/pages"}],"about":[{"href":"https:\/\/dawhh.org\/index.php?rest_route=\/wp\/v2\/types\/page"}],"author":[{"embeddable":true,"href":"https:\/\/dawhh.org\/index.php?rest_route=\/wp\/v2\/users\/4"}],"replies":[{"embeddable":true,"href":"https:\/\/dawhh.org\/index.php?rest_route=%2Fwp%2Fv2%2Fcomments&post=17"}],"version-history":[{"count":56,"href":"https:\/\/dawhh.org\/index.php?rest_route=\/wp\/v2\/pages\/17\/revisions"}],"predecessor-version":[{"id":275,"href":"https:\/\/dawhh.org\/index.php?rest_route=\/wp\/v2\/pages\/17\/revisions\/275"}],"wp:attachment":[{"href":"https:\/\/dawhh.org\/index.php?rest_route=%2Fwp%2Fv2%2Fmedia&parent=17"}],"curies":[{"name":"wp","href":"https:\/\/api.w.org\/{rel}","templated":true}]}}